{"id":109,"date":"2025-06-21T09:42:55","date_gmt":"2025-06-21T09:42:55","guid":{"rendered":"https:\/\/roldiwines.com\/?page_id=109"},"modified":"2026-02-11T11:00:50","modified_gmt":"2026-02-11T11:00:50","slug":"mes-que-simplement-treure-suro-fes-te-soci-del-club-roldi-wines","status":"publish","type":"page","link":"https:\/\/roldiwines.com\/?page_id=109","title":{"rendered":"M\u00e9s que simplement treure suro? Fes-te soci del club Roldi Wines"},"content":{"rendered":"\n[et_pb_section fb_built=&#8221;1&#8243; admin_label=&#8221;Header&#8221; _builder_version=&#8221;4.27.5&#8243; background_color=&#8221;#f9f5f1&#8243; use_background_color_gradient=&#8221;on&#8221; background_color_gradient_stops=&#8221;rgba(40,28,27,0.56) 0%|rgba(35,31,29,0.84) 100%&#8221; background_color_gradient_overlays_image=&#8221;on&#8221; background_color_gradient_start=&#8221;rgba(40,28,27,0.56)&#8221; background_color_gradient_end=&#8221;rgba(35,31,29,0.84)&#8221; background_image=&#8221;https:\/\/roldiwines.com\/wp-content\/uploads\/2025\/06\/winery-62.jpg&#8221; custom_padding=&#8221;12vw||12vw||true|false&#8221; hover_enabled=&#8221;0&#8243; locked=&#8221;off&#8221; global_colors_info=&#8221;{}&#8221; sticky_enabled=&#8221;0&#8243;][et_pb_row _builder_version=&#8221;4.16&#8243; global_colors_info=&#8221;{}&#8221;][et_pb_column type=&#8221;4_4&#8243; _builder_version=&#8221;4.16&#8243; global_colors_info=&#8221;{}&#8221;][et_pb_text _builder_version=&#8221;4.16&#8243; text_font=&#8221;Lora||||||||&#8221; text_font_size=&#8221;24px&#8221; text_line_height=&#8221;1.6em&#8221; header_font_size=&#8221;110px&#8221; text_orientation=&#8221;center&#8221; background_layout=&#8221;dark&#8221; max_width_last_edited=&#8221;off|phone&#8221; text_font_size_tablet=&#8221;20px&#8221; text_font_size_phone=&#8221;16px&#8221; text_font_size_last_edited=&#8221;on|phone&#8221; header_font_size_tablet=&#8221;60px&#8221; header_font_size_phone=&#8221;40px&#8221; header_font_size_last_edited=&#8221;on|phone&#8221; global_colors_info=&#8221;{}&#8221; max_width__hover_enabled=&#8221;off|desktop&#8221;]<h1>Roldis Wine Club<\/h1>[\/et_pb_text][\/et_pb_column][\/et_pb_row][et_pb_row column_structure=&#8221;1_2,1_2&#8243; _builder_version=&#8221;4.16&#8243; global_colors_info=&#8221;{}&#8221;][et_pb_column type=&#8221;1_2&#8243; _builder_version=&#8221;4.16&#8243; global_colors_info=&#8221;{}&#8221;][et_pb_video src=&#8221;https:\/\/roldiwines.com\/wp-content\/uploads\/2026\/01\/roldiwines.com-feature-video-H264-Proxy-\u2013-Halfte-der-Grose.mov&#8221; play_icon_color=&#8221;#280400&#8243; thumbnail_overlay_color=&#8221;rgba(0,0,0,0.6)&#8221; _builder_version=&#8221;4.27.5&#8243; locked=&#8221;off&#8221; global_colors_info=&#8221;{}&#8221;][\/et_pb_video][\/et_pb_column][et_pb_column type=&#8221;1_2&#8243; _builder_version=&#8221;4.16&#8243; global_colors_info=&#8221;{}&#8221;][et_pb_text _builder_version=&#8221;4.27.4&#8243; text_font=&#8221;Lora||||||||&#8221; text_font_size=&#8221;24px&#8221; text_line_height=&#8221;1.6em&#8221; background_layout=&#8221;dark&#8221; text_font_size_tablet=&#8221;20px&#8221; text_font_size_phone=&#8221;16px&#8221; text_font_size_last_edited=&#8221;on|phone&#8221; locked=&#8221;off&#8221; global_colors_info=&#8221;{}&#8221;]<p>El Club de Vi Online \u00e9s una oportunitat \u00fanica per submergir-se en la cultura del vi, sense importar-ne la ubicaci\u00f3 geogr\u00e0fica, i compartir la passi\u00f3 amb una comunitat global.<\/p>[\/et_pb_text][et_pb_button button_url=&#8221;#winiclubi&#8221; button_text=&#8221;Join Roldis Wine Club&#8221; _builder_version=&#8221;4.27.5&#8243; custom_button=&#8221;on&#8221; button_text_size=&#8221;18px&#8221; button_text_color=&#8221;#e8e2d7&#8243; button_bg_color=&#8221;rgba(0,0,0,0)&#8221; button_border_color=&#8221;#e8e2d7&#8243; button_border_radius=&#8221;0px&#8221; button_font=&#8221;||on||||||&#8221; button_use_icon=&#8221;off&#8221; custom_padding=&#8221;20px|50px|20px|50px|true|true&#8221; custom_padding_tablet=&#8221;18px|50px|18px|50px|true|true&#8221; custom_padding_phone=&#8221;16px|40px|16px|40px|true|true&#8221; custom_padding_last_edited=&#8221;on|tablet&#8221; global_colors_info=&#8221;{}&#8221; button_bg_color__hover_enabled=&#8221;on|hover&#8221; button_bg_color__hover=&#8221;#e8e2d7&#8243; button_bg_enable_color__hover=&#8221;on&#8221; button_text_color__hover_enabled=&#8221;on|desktop&#8221; button_text_color__hover=&#8221;#280400&#8243;][\/et_pb_button][\/et_pb_column][\/et_pb_row][\/et_pb_section][et_pb_section fb_built=&#8221;1&#8243; admin_label=&#8221;Header&#8221; _builder_version=&#8221;4.16&#8243; background_color=&#8221;#f9f5f1&#8243; locked=&#8221;off&#8221; global_colors_info=&#8221;{}&#8221;][et_pb_row column_structure=&#8221;3_5,2_5&#8243; _builder_version=&#8221;4.16&#8243; global_colors_info=&#8221;{}&#8221; button_text_color__hover=&#8221;#f9f5f1&#8243; button_text_color__hover_enabled=&#8221;on|hover&#8221; button_bg_color__hover=&#8221;#280400&#8243; button_bg_color__hover_enabled=&#8221;on|hover&#8221; button_custom_padding_tablet=&#8221;18px|50px|18px|50px|true|true&#8221; button_custom_padding_phone=&#8221;16px|40px|16px|40px|true|true&#8221; button_custom_padding_last_edited=&#8221;on|phone&#8221;][et_pb_column type=&#8221;3_5&#8243; _builder_version=&#8221;4.16&#8243; custom_padding=&#8221;30px|30px|30px|30px|true|true&#8221; border_width_all=&#8221;2px&#8221; border_color_all=&#8221;#e8e2d7&#8243; global_colors_info=&#8221;{}&#8221;][et_pb_text _builder_version=&#8221;4.27.4&#8243; text_font=&#8221;Lora||||||||&#8221; text_text_color=&#8221;#280400&#8243; text_font_size=&#8221;24px&#8221; text_line_height=&#8221;2.2em&#8221; ul_line_height=&#8221;2em&#8221; ol_line_height=&#8221;2em&#8221; text_font_size_tablet=&#8221;20px&#8221; text_font_size_phone=&#8221;16px&#8221; text_font_size_last_edited=&#8221;on|desktop&#8221; locked=&#8221;off&#8221; global_colors_info=&#8221;{}&#8221;]<ul>\n<li>Butllet\u00ed informatiu amb receptes i suggeriments<\/li>\n<li>Vals especials per a tots els socis<\/li>\n<li>Tast de vins<\/li>\n<li>Free Events<\/li>\n<\/ul>[\/et_pb_text][et_pb_button button_url=&#8221;@ET-DC@eyJkeW5hbWljIjp0cnVlLCJjb250ZW50IjoicG9zdF9saW5rX3VybF9wYWdlIiwic2V0dGluZ3MiOnsicG9zdF9pZCI6IjEwMyJ9fQ==@&#8221; button_text=&#8221;View Shop&#8221; button_alignment=&#8221;left&#8221; _builder_version=&#8221;4.27.5&#8243; _dynamic_attributes=&#8221;button_url&#8221; custom_button=&#8221;on&#8221; button_text_size=&#8221;18px&#8221; button_text_color=&#8221;#000000&#8243; button_bg_color=&#8221;rgba(0,0,0,0)&#8221; button_border_color=&#8221;#280400&#8243; button_border_radius=&#8221;0px&#8221; button_font=&#8221;||on||||||&#8221; button_use_icon=&#8221;off&#8221; custom_padding=&#8221;20px|50px|20px|50px|true|true&#8221; locked=&#8221;off&#8221; global_colors_info=&#8221;{}&#8221; button_text_color__hover=&#8221;#e8e2d7&#8243; button_text_color__hover_enabled=&#8221;on|desktop&#8221; button_bg_color__hover=&#8221;#280400&#8243; button_bg_color__hover_enabled=&#8221;on|hover&#8221;][\/et_pb_button][\/et_pb_column][et_pb_column type=&#8221;2_5&#8243; _builder_version=&#8221;4.16&#8243; global_colors_info=&#8221;{}&#8221;][et_pb_text _builder_version=&#8221;4.27.5&#8243; text_font=&#8221;||||||||&#8221; text_line_height=&#8221;2em&#8221; locked=&#8221;off&#8221; global_colors_info=&#8221;{}&#8221;]<p>Descobriu l\u2019apassionant univers de les varietats de vi. El nostre distingit club de vi en l\u00ednia us ofereix l\u2019oportunitat d\u2019aprofundir en el coneixement enol\u00f2gic, tot proporcionant-vos una experi\u00e8ncia enriquidora i exclusiva. Al nostre butllet\u00ed informatiu hi trobareu receptes selectes adequades per a diferents tipus de vi, cupons avantatjosos i esdeveniments destacats que us permetran evolucionar d\u2019un tastador ocasional a un aut\u00e8ntic expert en vins. Tant si visiteu cellers prestigiosos com si participeu en tastos amb l\u2019expertesa d\u2019un sommelier professional, aqu\u00ed cada copa es converteix en una oportunitat d\u2019aprenentatge refinat. Us convidem cordialment a unir-vos a la nostra comunitat i a brindar per noves descobertes.<\/p>[\/et_pb_text][\/et_pb_column][\/et_pb_row][\/et_pb_section][et_pb_section fb_built=&#8221;1&#8243; disabled_on=&#8221;off|off|off&#8221; _builder_version=&#8221;4.27.4&#8243; background_image=&#8221;https:\/\/roldiwines.com\/wp-content\/uploads\/2025\/07\/Unbenannt.png&#8221; parallax=&#8221;on&#8221; custom_margin=&#8221;||||false|false&#8221; custom_padding=&#8221;||14vw||false|false&#8221; border_width_all=&#8221;6vw&#8221; border_color_all=&#8221;#f9f5f1&#8243; border_width_all_tablet=&#8221;&#8221; border_width_all_phone=&#8221;0px&#8221; border_width_all_last_edited=&#8221;on|phone&#8221; locked=&#8221;off&#8221; global_colors_info=&#8221;{}&#8221;][et_pb_row column_structure=&#8221;1_2,1_2&#8243; _builder_version=&#8221;4.16&#8243; global_colors_info=&#8221;{}&#8221;][et_pb_column type=&#8221;1_2&#8243; _builder_version=&#8221;4.16&#8243; global_colors_info=&#8221;{}&#8221;][\/et_pb_column][et_pb_column type=&#8221;1_2&#8243; _builder_version=&#8221;4.16&#8243; global_colors_info=&#8221;{}&#8221;][et_pb_text _builder_version=&#8221;4.27.4&#8243; text_font=&#8221;Lora||||||||&#8221; text_line_height=&#8221;2em&#8221; header_2_text_color=&#8221;#280400&#8243; header_2_font_size=&#8221;60px&#8221; header_2_line_height=&#8221;1.2em&#8221; text_orientation=&#8221;center&#8221; max_width=&#8221;600px&#8221; module_alignment=&#8221;center&#8221; header_2_font_size_tablet=&#8221;40px&#8221; header_2_font_size_phone=&#8221;28px&#8221; header_2_font_size_last_edited=&#8221;on|phone&#8221; header_2_line_height_tablet=&#8221;1.4em&#8221; header_2_line_height_phone=&#8221;&#8221; header_2_line_height_last_edited=&#8221;on|phone&#8221; locked=&#8221;off&#8221; global_colors_info=&#8221;{}&#8221;]<h2>Events<\/h2>[\/et_pb_text][et_pb_text _builder_version=&#8221;4.27.4&#8243; text_font=&#8221;Lora||||||||&#8221; text_text_color=&#8221;#280400&#8243; text_font_size=&#8221;24px&#8221; text_line_height=&#8221;2.2em&#8221; ul_line_height=&#8221;2em&#8221; ol_line_height=&#8221;2em&#8221; text_orientation=&#8221;center&#8221; text_font_size_tablet=&#8221;20px&#8221; text_font_size_phone=&#8221;16px&#8221; text_font_size_last_edited=&#8221;on|desktop&#8221; locked=&#8221;off&#8221; global_colors_info=&#8221;{}&#8221;]<p>Visites al celler<br \/>Tast de vins<br \/>C\u00e0tering<\/p>[\/et_pb_text][et_pb_button button_url=&#8221;#winiclubi&#8221; button_text=&#8221;Join Today&#8221; button_alignment=&#8221;center&#8221; _builder_version=&#8221;4.27.5&#8243; custom_button=&#8221;on&#8221; button_text_size=&#8221;18px&#8221; button_text_color=&#8221;#000000&#8243; button_bg_color=&#8221;rgba(0,0,0,0)&#8221; button_border_color=&#8221;#280400&#8243; button_border_radius=&#8221;0px&#8221; button_font=&#8221;||on||||||&#8221; button_use_icon=&#8221;off&#8221; custom_padding=&#8221;20px|50px|20px|50px|true|true&#8221; locked=&#8221;off&#8221; global_colors_info=&#8221;{}&#8221; button_text_color__hover=&#8221;#e8e2d7&#8243; button_text_color__hover_enabled=&#8221;on|desktop&#8221; button_bg_color__hover=&#8221;#280400&#8243; button_bg_color__hover_enabled=&#8221;on|hover&#8221;][\/et_pb_button][\/et_pb_column][\/et_pb_row][\/et_pb_section][et_pb_section fb_built=&#8221;1&#8243; admin_label=&#8221;Club CTA&#8221; _builder_version=&#8221;4.16&#8243; background_color=&#8221;#f9f5f1&#8243; background_enable_image=&#8221;off&#8221; background_size=&#8221;initial&#8221; locked=&#8221;off&#8221; global_colors_info=&#8221;{}&#8221;][et_pb_row _builder_version=&#8221;4.16&#8243; max_width=&#8221;none&#8221; global_colors_info=&#8221;{}&#8221;][et_pb_column type=&#8221;4_4&#8243; _builder_version=&#8221;4.16&#8243; global_colors_info=&#8221;{}&#8221;][et_pb_blog fullwidth=&#8221;off&#8221; show_date=&#8221;off&#8221; show_categories=&#8221;off&#8221; show_pagination=&#8221;off&#8221; masonry_tile_background_color=&#8221;#F8F5F1&#8243; _builder_version=&#8221;4.27.5&#8243; _module_preset=&#8221;default&#8221; header_font_size=&#8221;18px&#8221; border_width_all=&#8221;0px&#8221; global_colors_info=&#8221;{}&#8221;][\/et_pb_blog][\/et_pb_column][\/et_pb_row][\/et_pb_section]\n","protected":false},"excerpt":{"rendered":"<p>Roldis Wine ClubEl Club de Vi Online \u00e9s una oportunitat \u00fanica per submergir-se en la cultura del vi, sense importar-ne la ubicaci\u00f3 geogr\u00e0fica, i compartir la passi\u00f3 amb una comunitat global. Butllet\u00ed informatiu amb receptes i suggeriments Vals especials per a tots els socis Tast de vins Free Events Descobriu l\u2019apassionant univers de les varietats [&hellip;]<\/p>\n","protected":false},"author":1,"featured_media":0,"parent":0,"menu_order":0,"comment_status":"closed","ping_status":"closed","template":"","meta":{"_et_pb_use_builder":"on","_et_pb_old_content":"","_et_gb_content_width":"","footnotes":""},"class_list":["post-109","page","type-page","status-publish","hentry"],"lang":"ca","translations":{"ca":109,"de":2945,"fr":2950,"es":2956,"en":2962},"pll_sync_post":{},"_links":{"self":[{"href":"https:\/\/roldiwines.com\/index.php?rest_route=\/wp\/v2\/pages\/109","targetHints":{"allow":["GET"]}}],"collection":[{"href":"https:\/\/roldiwines.com\/index.php?rest_route=\/wp\/v2\/pages"}],"about":[{"href":"https:\/\/roldiwines.com\/index.php?rest_route=\/wp\/v2\/types\/page"}],"author":[{"embeddable":true,"href":"https:\/\/roldiwines.com\/index.php?rest_route=\/wp\/v2\/users\/1"}],"replies":[{"embeddable":true,"href":"https:\/\/roldiwines.com\/index.php?rest_route=%2Fwp%2Fv2%2Fcomments&post=109"}],"version-history":[{"count":21,"href":"https:\/\/roldiwines.com\/index.php?rest_route=\/wp\/v2\/pages\/109\/revisions"}],"predecessor-version":[{"id":4430,"href":"https:\/\/roldiwines.com\/index.php?rest_route=\/wp\/v2\/pages\/109\/revisions\/4430"}],"wp:attachment":[{"href":"https:\/\/roldiwines.com\/index.php?rest_route=%2Fwp%2Fv2%2Fmedia&parent=109"}],"curies":[{"name":"wp","href":"https:\/\/api.w.org\/{rel}","templated":true}]}}