{"id":3295,"date":"2025-08-15T15:14:52","date_gmt":"2025-08-15T15:14:52","guid":{"rendered":"https:\/\/roldiwines.com\/?post_type=product&#038;p=3295"},"modified":"2026-02-13T15:44:18","modified_gmt":"2026-02-13T15:44:18","slug":"foranell-quim-batlle-2","status":"publish","type":"product","link":"https:\/\/roldiwines.com\/?product=foranell-quim-batlle-2&lang=de","title":{"rendered":"Foranell \u2013 Quim Batlle"},"content":{"rendered":"","protected":false},"excerpt":{"rendered":"<p>Biologischer Weinbau. Biologisch angebaut in 308 Metern H\u00f6he. In der Nase erinnert er an gr\u00fcnen Apfel, mit ausgepr\u00e4gten Aromen von wei\u00dfen Bl\u00fcten wie Jasmin und Orangenbl\u00fcte. Am Gaumen ist er sehr \u00fcppig und fleischig, mit Noten von Mandeln, Aprikosen und getrockneten Pflaumen.<\/p>\n","protected":false},"featured_media":1214,"template":"","meta":{"_et_pb_use_builder":"","_et_pb_old_content":"","_et_gb_content_width":""},"product_brand":[892],"product_cat":[441,870,895],"product_tag":[],"class_list":{"0":"post-3295","1":"product","2":"type-product","3":"status-publish","4":"has-post-thumbnail","6":"product_brand-quim-batlle___de","7":"product_cat-weiss","8":"product_cat-do-alella___de","9":"product_cat-picapoll___de","11":"first","12":"instock","13":"taxable","14":"shipping-taxable","15":"purchasable","16":"product-type-variable","17":"has-default-attributes"},"pll_sync_post":[],"lang":"de","translations":{"de":3295,"es":3303,"fr":3299,"ca":1194,"en":3307},"_links":{"self":[{"href":"https:\/\/roldiwines.com\/index.php?rest_route=\/wp\/v2\/product\/3295","targetHints":{"allow":["GET"]}}],"collection":[{"href":"https:\/\/roldiwines.com\/index.php?rest_route=\/wp\/v2\/product"}],"about":[{"href":"https:\/\/roldiwines.com\/index.php?rest_route=\/wp\/v2\/types\/product"}],"wp:featuredmedia":[{"embeddable":true,"href":"https:\/\/roldiwines.com\/index.php?rest_route=\/wp\/v2\/media\/1214"}],"wp:attachment":[{"href":"https:\/\/roldiwines.com\/index.php?rest_route=%2Fwp%2Fv2%2Fmedia&parent=3295"}],"wp:term":[{"taxonomy":"product_brand","embeddable":true,"href":"https:\/\/roldiwines.com\/index.php?rest_route=%2Fwp%2Fv2%2Fproduct_brand&post=3295"},{"taxonomy":"product_cat","embeddable":true,"href":"https:\/\/roldiwines.com\/index.php?rest_route=%2Fwp%2Fv2%2Fproduct_cat&post=3295"},{"taxonomy":"product_tag","embeddable":true,"href":"https:\/\/roldiwines.com\/index.php?rest_route=%2Fwp%2Fv2%2Fproduct_tag&post=3295"}],"curies":[{"name":"wp","href":"https:\/\/api.w.org\/{rel}","templated":true}]}}