{"id":3395,"date":"2025-08-02T12:01:13","date_gmt":"2025-08-02T12:01:13","guid":{"rendered":"https:\/\/roldiwines.com\/?post_type=product&#038;p=3395"},"modified":"2026-02-13T16:00:53","modified_gmt":"2026-02-13T16:00:53","slug":"larus-reseva-brut-nature-u-mes-u-3","status":"publish","type":"product","link":"https:\/\/roldiwines.com\/?product=larus-reseva-brut-nature-u-mes-u-3&lang=fr","title":{"rendered":"Larus Reseva Brut Nature &#8211; U Mes U"},"content":{"rendered":"","protected":false},"excerpt":{"rendered":"<p>Les deux c\u00e9pages sont vendang\u00e9s \u00e0 la main. Le pinot noir est press\u00e9 directement sans \u00e9grappage afin d&#8217;\u00e9viter l&#8217;extraction de la couleur et de cr\u00e9er ainsi ce blanc de noirs. Le Xarel-lo est press\u00e9 \u00e0 17 \u00b0C afin de pr\u00e9server ses ar\u00f4mes. M\u00e9thode traditionnelle avec une deuxi\u00e8me fermentation en bouteille. Reserva, vieilli en moyenne 30 mois sur lies. Au nez : Ar\u00f4mes intenses de fruits blancs m\u00fbrs. En bouche : un profil structur\u00e9, onctueux mais frais, tout en nuances, avec des notes de p\u00e2tisserie fine et de fruits confits.<\/p>\n","protected":false},"featured_media":961,"template":"","meta":{"_et_pb_use_builder":"","_et_pb_old_content":"","_et_gb_content_width":""},"product_brand":[1017],"product_cat":[998,1000,653],"product_tag":[],"class_list":{"0":"post-3395","1":"product","2":"type-product","3":"status-publish","4":"has-post-thumbnail","6":"product_brand-u-mes-u___fr","7":"product_cat-cava___fr","8":"product_cat-pinot-noir___fr","9":"product_cat-xarel-lo___fr","11":"first","12":"instock","13":"taxable","14":"shipping-taxable","15":"purchasable","16":"product-type-variable","17":"has-default-attributes"},"pll_sync_post":{},"lang":"fr","translations":{"fr":3395,"es":3399,"de":3391,"ca":938,"en":3403},"_links":{"self":[{"href":"https:\/\/roldiwines.com\/index.php?rest_route=\/wp\/v2\/product\/3395","targetHints":{"allow":["GET"]}}],"collection":[{"href":"https:\/\/roldiwines.com\/index.php?rest_route=\/wp\/v2\/product"}],"about":[{"href":"https:\/\/roldiwines.com\/index.php?rest_route=\/wp\/v2\/types\/product"}],"wp:featuredmedia":[{"embeddable":true,"href":"https:\/\/roldiwines.com\/index.php?rest_route=\/wp\/v2\/media\/961"}],"wp:attachment":[{"href":"https:\/\/roldiwines.com\/index.php?rest_route=%2Fwp%2Fv2%2Fmedia&parent=3395"}],"wp:term":[{"taxonomy":"product_brand","embeddable":true,"href":"https:\/\/roldiwines.com\/index.php?rest_route=%2Fwp%2Fv2%2Fproduct_brand&post=3395"},{"taxonomy":"product_cat","embeddable":true,"href":"https:\/\/roldiwines.com\/index.php?rest_route=%2Fwp%2Fv2%2Fproduct_cat&post=3395"},{"taxonomy":"product_tag","embeddable":true,"href":"https:\/\/roldiwines.com\/index.php?rest_route=%2Fwp%2Fv2%2Fproduct_tag&post=3395"}],"curies":[{"name":"wp","href":"https:\/\/api.w.org\/{rel}","templated":true}]}}