{"id":3399,"date":"2025-08-02T12:01:13","date_gmt":"2025-08-02T12:01:13","guid":{"rendered":"https:\/\/roldiwines.com\/?post_type=product&#038;p=3399"},"modified":"2026-02-13T16:00:53","modified_gmt":"2026-02-13T16:00:53","slug":"larus-reseva-brut-nature-u-mes-u-4","status":"publish","type":"product","link":"https:\/\/roldiwines.com\/?product=larus-reseva-brut-nature-u-mes-u-4&lang=es","title":{"rendered":"Larus Reseva Brut Nature &#8211; U Mes U"},"content":{"rendered":"","protected":false},"excerpt":{"rendered":"<p>Ambas variedades de uva se vendimian a mano. La pinot noir se prensa directamente sin despalillar para evitar extraer el color y crear as\u00ed este blanc de noirs. El Xarel-lo se prensa a 17\u00b0C para preservar sus aromas. M\u00e9todo tradicional con una segunda fermentaci\u00f3n en botella. Reserva, con una crianza media de 30 meses sobre l\u00edas. Nariz: Aromas intensos de fruta blanca madura. En boca: Perfil estructurado, untuoso pero fresco, lleno de matices, con notas de pasteler\u00eda fina y fruta confitada.<\/p>\n","protected":false},"featured_media":961,"template":"","meta":{"_et_pb_use_builder":"","_et_pb_old_content":"","_et_gb_content_width":""},"product_brand":[1014],"product_cat":[647,992,994],"product_tag":[],"class_list":{"0":"post-3399","1":"product","2":"type-product","3":"status-publish","4":"has-post-thumbnail","6":"product_brand-u-mes-u___es","7":"product_cat-xarel-lo___es","8":"product_cat-cava___es","9":"product_cat-pinot-noir___es","11":"first","12":"instock","13":"taxable","14":"shipping-taxable","15":"purchasable","16":"product-type-variable","17":"has-default-attributes"},"pll_sync_post":{},"lang":"es","translations":{"es":3399,"fr":3395,"de":3391,"ca":938,"en":3403},"_links":{"self":[{"href":"https:\/\/roldiwines.com\/index.php?rest_route=\/wp\/v2\/product\/3399","targetHints":{"allow":["GET"]}}],"collection":[{"href":"https:\/\/roldiwines.com\/index.php?rest_route=\/wp\/v2\/product"}],"about":[{"href":"https:\/\/roldiwines.com\/index.php?rest_route=\/wp\/v2\/types\/product"}],"wp:featuredmedia":[{"embeddable":true,"href":"https:\/\/roldiwines.com\/index.php?rest_route=\/wp\/v2\/media\/961"}],"wp:attachment":[{"href":"https:\/\/roldiwines.com\/index.php?rest_route=%2Fwp%2Fv2%2Fmedia&parent=3399"}],"wp:term":[{"taxonomy":"product_brand","embeddable":true,"href":"https:\/\/roldiwines.com\/index.php?rest_route=%2Fwp%2Fv2%2Fproduct_brand&post=3399"},{"taxonomy":"product_cat","embeddable":true,"href":"https:\/\/roldiwines.com\/index.php?rest_route=%2Fwp%2Fv2%2Fproduct_cat&post=3399"},{"taxonomy":"product_tag","embeddable":true,"href":"https:\/\/roldiwines.com\/index.php?rest_route=%2Fwp%2Fv2%2Fproduct_tag&post=3399"}],"curies":[{"name":"wp","href":"https:\/\/api.w.org\/{rel}","templated":true}]}}