{"id":3439,"date":"2025-08-02T11:34:21","date_gmt":"2025-08-02T11:34:21","guid":{"rendered":"https:\/\/roldiwines.com\/?post_type=product&#038;p=3439"},"modified":"2026-02-13T17:42:37","modified_gmt":"2026-02-13T17:42:37","slug":"rimarts-18-brut-rimarts-2","status":"publish","type":"product","link":"https:\/\/roldiwines.com\/?product=rimarts-18-brut-rimarts-2&lang=es","title":{"rendered":"Rimarts 18 Brut &#8211; Rimarts"},"content":{"rendered":"","protected":false},"excerpt":{"rendered":"<p>Viticultura ecol\u00f3gica. Envejecido durante un m\u00ednimo de 18 meses. Color amarillo brillante con tonos lim\u00f3n. Burbujas elegantes, persistentes y de tama\u00f1o medio. Aromas potentes y frescos a flores y hierbas. En boca es corpulento, cremoso, con un dulzor fresco y sabroso y un buen equilibrio entre az\u00facar y acidez. Maridaje: Ideal para acompa\u00f1ar aperitivos. Se recomienda disfrutarlo durante toda la comida.<\/p>\n","protected":false},"featured_media":963,"template":"","meta":{"_et_pb_use_builder":"","_et_pb_old_content":"","_et_gb_content_width":""},"product_brand":[1036],"product_cat":[618,647,908,992],"product_tag":[],"class_list":{"0":"post-3439","1":"product","2":"type-product","3":"status-publish","4":"has-post-thumbnail","6":"product_brand-rimarts___es","7":"product_cat-macabeu___es","8":"product_cat-xarel-lo___es","9":"product_cat-parellada___es","10":"product_cat-cava___es","12":"first","13":"instock","14":"taxable","15":"shipping-taxable","16":"purchasable","17":"product-type-variable","18":"has-default-attributes"},"pll_sync_post":{},"lang":"es","translations":{"es":3439,"fr":3447,"de":3443,"ca":932,"en":3451},"_links":{"self":[{"href":"https:\/\/roldiwines.com\/index.php?rest_route=\/wp\/v2\/product\/3439","targetHints":{"allow":["GET"]}}],"collection":[{"href":"https:\/\/roldiwines.com\/index.php?rest_route=\/wp\/v2\/product"}],"about":[{"href":"https:\/\/roldiwines.com\/index.php?rest_route=\/wp\/v2\/types\/product"}],"wp:featuredmedia":[{"embeddable":true,"href":"https:\/\/roldiwines.com\/index.php?rest_route=\/wp\/v2\/media\/963"}],"wp:attachment":[{"href":"https:\/\/roldiwines.com\/index.php?rest_route=%2Fwp%2Fv2%2Fmedia&parent=3439"}],"wp:term":[{"taxonomy":"product_brand","embeddable":true,"href":"https:\/\/roldiwines.com\/index.php?rest_route=%2Fwp%2Fv2%2Fproduct_brand&post=3439"},{"taxonomy":"product_cat","embeddable":true,"href":"https:\/\/roldiwines.com\/index.php?rest_route=%2Fwp%2Fv2%2Fproduct_cat&post=3439"},{"taxonomy":"product_tag","embeddable":true,"href":"https:\/\/roldiwines.com\/index.php?rest_route=%2Fwp%2Fv2%2Fproduct_tag&post=3439"}],"curies":[{"name":"wp","href":"https:\/\/api.w.org\/{rel}","templated":true}]}}