{"id":3447,"date":"2025-08-02T11:34:21","date_gmt":"2025-08-02T11:34:21","guid":{"rendered":"https:\/\/roldiwines.com\/?post_type=product&#038;p=3447"},"modified":"2026-02-13T17:42:37","modified_gmt":"2026-02-13T17:42:37","slug":"rimarts-18-brut-rimarts-4","status":"publish","type":"product","link":"https:\/\/roldiwines.com\/?product=rimarts-18-brut-rimarts-4&lang=fr","title":{"rendered":"Rimarts 18 Brut &#8211; Rimarts"},"content":{"rendered":"","protected":false},"excerpt":{"rendered":"<p>Viticulture biologique. Vieilli pendant au moins 18 mois. Couleur jaune vif avec des tons citronn\u00e9s. \u00c9l\u00e9gant, persistant, bulles de taille moyenne. Ar\u00f4mes puissants et frais de fleurs et d&#8217;herbes. En bouche, il est plein, cr\u00e9meux, avec une douceur fra\u00eeche et savoureuse et un bon \u00e9quilibre entre le sucre et l&#8217;acidit\u00e9. Combinaisons gastronomiques : Id\u00e9al avec les entr\u00e9es. Il est recommand\u00e9 de le d\u00e9guster tout au long du repas.<\/p>\n","protected":false},"featured_media":963,"template":"","meta":{"_et_pb_use_builder":"","_et_pb_old_content":"","_et_gb_content_width":""},"product_brand":[1043],"product_cat":[625,653,913,998],"product_tag":[],"class_list":{"0":"post-3447","1":"product","2":"type-product","3":"status-publish","4":"has-post-thumbnail","6":"product_brand-rimarts___fr","7":"product_cat-macabeu___fr","8":"product_cat-xarel-lo___fr","9":"product_cat-parellada___fr","10":"product_cat-cava___fr","12":"first","13":"instock","14":"taxable","15":"shipping-taxable","16":"purchasable","17":"product-type-variable","18":"has-default-attributes"},"pll_sync_post":{},"lang":"fr","translations":{"fr":3447,"de":3443,"es":3439,"ca":932,"en":3451},"_links":{"self":[{"href":"https:\/\/roldiwines.com\/index.php?rest_route=\/wp\/v2\/product\/3447","targetHints":{"allow":["GET"]}}],"collection":[{"href":"https:\/\/roldiwines.com\/index.php?rest_route=\/wp\/v2\/product"}],"about":[{"href":"https:\/\/roldiwines.com\/index.php?rest_route=\/wp\/v2\/types\/product"}],"wp:featuredmedia":[{"embeddable":true,"href":"https:\/\/roldiwines.com\/index.php?rest_route=\/wp\/v2\/media\/963"}],"wp:attachment":[{"href":"https:\/\/roldiwines.com\/index.php?rest_route=%2Fwp%2Fv2%2Fmedia&parent=3447"}],"wp:term":[{"taxonomy":"product_brand","embeddable":true,"href":"https:\/\/roldiwines.com\/index.php?rest_route=%2Fwp%2Fv2%2Fproduct_brand&post=3447"},{"taxonomy":"product_cat","embeddable":true,"href":"https:\/\/roldiwines.com\/index.php?rest_route=%2Fwp%2Fv2%2Fproduct_cat&post=3447"},{"taxonomy":"product_tag","embeddable":true,"href":"https:\/\/roldiwines.com\/index.php?rest_route=%2Fwp%2Fv2%2Fproduct_tag&post=3447"}],"curies":[{"name":"wp","href":"https:\/\/api.w.org\/{rel}","templated":true}]}}