{"id":3459,"date":"2025-08-02T11:26:09","date_gmt":"2025-08-02T11:26:09","guid":{"rendered":"https:\/\/roldiwines.com\/?post_type=product&#038;p=3459"},"modified":"2026-02-13T17:46:10","modified_gmt":"2026-02-13T17:46:10","slug":"rimarts-40-brut-nature-gran-reserva-rimarts-3","status":"publish","type":"product","link":"https:\/\/roldiwines.com\/?product=rimarts-40-brut-nature-gran-reserva-rimarts-3&lang=fr","title":{"rendered":"Rimarts 40 Brut Nature Gran Reserva &#8211; Rimarts"},"content":{"rendered":"","protected":false},"excerpt":{"rendered":"<p>Viticulture biologique. M\u00e9thode traditionnelle. Vieillissement d&#8217;au moins 40 mois, sans ajout de sucre. Couleur jaune d&#8217;or brillante. Perles tr\u00e8s petites, fines et persistantes. Ar\u00f4mes de fruits m\u00fbrs, \u00e9pic\u00e9s, avec des nuances de maturation, des notes grill\u00e9es, de levure et de noix. Avec un gaz carbonique parfaitement int\u00e9gr\u00e9. Une finale longue et tr\u00e8s agr\u00e9able.<\/p>\n","protected":false},"featured_media":962,"template":"","meta":{"_et_pb_use_builder":"","_et_pb_old_content":"","_et_gb_content_width":""},"product_brand":[1043],"product_cat":[913,998,534,625,653],"product_tag":[],"class_list":{"0":"post-3459","1":"product","2":"type-product","3":"status-publish","4":"has-post-thumbnail","6":"product_brand-rimarts___fr","7":"product_cat-parellada___fr","8":"product_cat-cava___fr","9":"product_cat-chardonnay___fr","10":"product_cat-macabeu___fr","11":"product_cat-xarel-lo___fr","13":"first","14":"instock","15":"taxable","16":"shipping-taxable","17":"purchasable","18":"product-type-variable","19":"has-default-attributes"},"pll_sync_post":{},"lang":"fr","translations":{"fr":3459,"es":3464,"de":3455,"ca":929,"en":3468},"_links":{"self":[{"href":"https:\/\/roldiwines.com\/index.php?rest_route=\/wp\/v2\/product\/3459","targetHints":{"allow":["GET"]}}],"collection":[{"href":"https:\/\/roldiwines.com\/index.php?rest_route=\/wp\/v2\/product"}],"about":[{"href":"https:\/\/roldiwines.com\/index.php?rest_route=\/wp\/v2\/types\/product"}],"wp:featuredmedia":[{"embeddable":true,"href":"https:\/\/roldiwines.com\/index.php?rest_route=\/wp\/v2\/media\/962"}],"wp:attachment":[{"href":"https:\/\/roldiwines.com\/index.php?rest_route=%2Fwp%2Fv2%2Fmedia&parent=3459"}],"wp:term":[{"taxonomy":"product_brand","embeddable":true,"href":"https:\/\/roldiwines.com\/index.php?rest_route=%2Fwp%2Fv2%2Fproduct_brand&post=3459"},{"taxonomy":"product_cat","embeddable":true,"href":"https:\/\/roldiwines.com\/index.php?rest_route=%2Fwp%2Fv2%2Fproduct_cat&post=3459"},{"taxonomy":"product_tag","embeddable":true,"href":"https:\/\/roldiwines.com\/index.php?rest_route=%2Fwp%2Fv2%2Fproduct_tag&post=3459"}],"curies":[{"name":"wp","href":"https:\/\/api.w.org\/{rel}","templated":true}]}}