{"id":3464,"date":"2025-08-02T11:26:09","date_gmt":"2025-08-02T11:26:09","guid":{"rendered":"https:\/\/roldiwines.com\/?post_type=product&#038;p=3464"},"modified":"2026-02-13T17:46:10","modified_gmt":"2026-02-13T17:46:10","slug":"rimarts-40-brut-nature-gran-reserva-rimarts-4","status":"publish","type":"product","link":"https:\/\/roldiwines.com\/?product=rimarts-40-brut-nature-gran-reserva-rimarts-4&lang=es","title":{"rendered":"Rimarts 40 Brut Nature Gran Reserva &#8211; Rimarts"},"content":{"rendered":"","protected":false},"excerpt":{"rendered":"<p>Viticultura ecol\u00f3gica. M\u00e9todo tradicional. Envejecido durante al menos 40 meses, sin az\u00facar a\u00f1adido. Color amarillo dorado brillante. Perlas muy peque\u00f1as, finas y persistentes. Aromas de fruta madura, especias, con toques de madurez, notas tostadas, levaduras y frutos secos. Carb\u00f3nico perfectamente integrado. Final largo y muy agradable.<\/p>\n","protected":false},"featured_media":962,"template":"","meta":{"_et_pb_use_builder":"","_et_pb_old_content":"","_et_gb_content_width":""},"product_brand":[1036],"product_cat":[992,529,618,647,908],"product_tag":[],"class_list":{"0":"post-3464","1":"product","2":"type-product","3":"status-publish","4":"has-post-thumbnail","6":"product_brand-rimarts___es","7":"product_cat-cava___es","8":"product_cat-chardonnay___es","9":"product_cat-macabeu___es","10":"product_cat-xarel-lo___es","11":"product_cat-parellada___es","13":"first","14":"instock","15":"taxable","16":"shipping-taxable","17":"purchasable","18":"product-type-variable","19":"has-default-attributes"},"pll_sync_post":{},"lang":"es","translations":{"es":3464,"fr":3459,"de":3455,"ca":929,"en":3468},"_links":{"self":[{"href":"https:\/\/roldiwines.com\/index.php?rest_route=\/wp\/v2\/product\/3464","targetHints":{"allow":["GET"]}}],"collection":[{"href":"https:\/\/roldiwines.com\/index.php?rest_route=\/wp\/v2\/product"}],"about":[{"href":"https:\/\/roldiwines.com\/index.php?rest_route=\/wp\/v2\/types\/product"}],"wp:featuredmedia":[{"embeddable":true,"href":"https:\/\/roldiwines.com\/index.php?rest_route=\/wp\/v2\/media\/962"}],"wp:attachment":[{"href":"https:\/\/roldiwines.com\/index.php?rest_route=%2Fwp%2Fv2%2Fmedia&parent=3464"}],"wp:term":[{"taxonomy":"product_brand","embeddable":true,"href":"https:\/\/roldiwines.com\/index.php?rest_route=%2Fwp%2Fv2%2Fproduct_brand&post=3464"},{"taxonomy":"product_cat","embeddable":true,"href":"https:\/\/roldiwines.com\/index.php?rest_route=%2Fwp%2Fv2%2Fproduct_cat&post=3464"},{"taxonomy":"product_tag","embeddable":true,"href":"https:\/\/roldiwines.com\/index.php?rest_route=%2Fwp%2Fv2%2Fproduct_tag&post=3464"}],"curies":[{"name":"wp","href":"https:\/\/api.w.org\/{rel}","templated":true}]}}