{"id":3488,"date":"2025-08-02T11:18:01","date_gmt":"2025-08-02T11:18:01","guid":{"rendered":"https:\/\/roldiwines.com\/?post_type=product&#038;p=3488"},"modified":"2026-02-13T17:49:38","modified_gmt":"2026-02-13T17:49:38","slug":"elisenda-brut-nature-reserva-loxarel-2","status":"publish","type":"product","link":"https:\/\/roldiwines.com\/?product=elisenda-brut-nature-reserva-loxarel-2&lang=de","title":{"rendered":"Elisenda Brut Nature Reserva \u2013 Loxarel"},"content":{"rendered":"","protected":false},"excerpt":{"rendered":"<p>Biodynamischer Weinbau. Elisenda bringt die Frische und S\u00e4ure zum Ausdruck, die f\u00fcr die 60 Jahre alten, hoch gelegenen Parellada-Weinberge der Region Pla de Manlleu charakteristisch sind, sowie die Mineralit\u00e4t und Salzigkeit, die der rote Xarel\u00b7lo verleiht, der rund um das Anwesen Masia de Can Mayol in Vilob\u00ed del Pened\u00e8s angebaut wird. Die erste G\u00e4rung dieses Schaumweins erfolgt in Tonamphoren, eine Methode, bei der Loxarel Pionierarbeit geleistet hat und \u00fcber langj\u00e4hrige Erfahrung verf\u00fcgt. Aussehen: Zwiebelschalenfarbe, blasse Farbt\u00f6ne und eine feine, konstante Perlage mit kleinen Bl\u00e4schen. Bouquet: Elegant und subtil, Noten von Autolyse mit mineralischen Ankl\u00e4ngen, Unterholz und Fenchel. Gaumen: Weich und delikat, aber mit gutem Charakter.<\/p>\n","protected":false},"featured_media":944,"template":"","meta":{"_et_pb_use_builder":"","_et_pb_old_content":"","_et_gb_content_width":""},"product_brand":[702],"product_cat":[958,1081,1083],"product_tag":[],"class_list":{"0":"post-3488","1":"product","2":"type-product","3":"status-publish","4":"has-post-thumbnail","6":"product_brand-loxarel___de","7":"product_cat-xarel-lo-vermell___de","8":"product_cat-classic-penedes___de","9":"product_cat-montonega___de","11":"first","12":"instock","13":"taxable","14":"shipping-taxable","15":"purchasable","16":"product-type-variable","17":"has-default-attributes"},"pll_sync_post":{},"lang":"de","translations":{"de":3488,"es":3496,"fr":3492,"ca":925,"en":3500},"_links":{"self":[{"href":"https:\/\/roldiwines.com\/index.php?rest_route=\/wp\/v2\/product\/3488","targetHints":{"allow":["GET"]}}],"collection":[{"href":"https:\/\/roldiwines.com\/index.php?rest_route=\/wp\/v2\/product"}],"about":[{"href":"https:\/\/roldiwines.com\/index.php?rest_route=\/wp\/v2\/types\/product"}],"wp:featuredmedia":[{"embeddable":true,"href":"https:\/\/roldiwines.com\/index.php?rest_route=\/wp\/v2\/media\/944"}],"wp:attachment":[{"href":"https:\/\/roldiwines.com\/index.php?rest_route=%2Fwp%2Fv2%2Fmedia&parent=3488"}],"wp:term":[{"taxonomy":"product_brand","embeddable":true,"href":"https:\/\/roldiwines.com\/index.php?rest_route=%2Fwp%2Fv2%2Fproduct_brand&post=3488"},{"taxonomy":"product_cat","embeddable":true,"href":"https:\/\/roldiwines.com\/index.php?rest_route=%2Fwp%2Fv2%2Fproduct_cat&post=3488"},{"taxonomy":"product_tag","embeddable":true,"href":"https:\/\/roldiwines.com\/index.php?rest_route=%2Fwp%2Fv2%2Fproduct_tag&post=3488"}],"curies":[{"name":"wp","href":"https:\/\/api.w.org\/{rel}","templated":true}]}}