{"id":3560,"date":"2025-07-31T15:53:52","date_gmt":"2025-07-31T15:53:52","guid":{"rendered":"https:\/\/roldiwines.com\/?post_type=product&#038;p=3560"},"modified":"2026-02-13T17:53:30","modified_gmt":"2026-02-13T17:53:30","slug":"reserva-especial-chardonnay-rimarts-4","status":"publish","type":"product","link":"https:\/\/roldiwines.com\/?product=reserva-especial-chardonnay-rimarts-4&lang=es","title":{"rendered":"Reserva Especial Chardonnay &#8211; Rimarts"},"content":{"rendered":"","protected":false},"excerpt":{"rendered":"<p>Viticultura ecol\u00f3gica. Envejecido durante 70 meses. Color dorado intenso y brillante con burbujas peque\u00f1as, elegantes, finas y persistentes. Aromas potentes de fruta blanca confitada muy madura con toques de miel y pasteler\u00eda. Fresco y cremoso en boca.<\/p>\n","protected":false},"featured_media":917,"template":"","meta":{"_et_pb_use_builder":"","_et_pb_old_content":"","_et_gb_content_width":""},"product_brand":[1036],"product_cat":[529,992],"product_tag":[],"class_list":{"0":"post-3560","1":"product","2":"type-product","3":"status-publish","4":"has-post-thumbnail","6":"product_brand-rimarts___es","7":"product_cat-chardonnay___es","8":"product_cat-cava___es","10":"first","11":"instock","12":"taxable","13":"shipping-taxable","14":"purchasable","15":"product-type-variable","16":"has-default-attributes"},"pll_sync_post":{},"lang":"es","translations":{"es":3560,"fr":3556,"de":3552,"ca":897,"en":3564},"_links":{"self":[{"href":"https:\/\/roldiwines.com\/index.php?rest_route=\/wp\/v2\/product\/3560","targetHints":{"allow":["GET"]}}],"collection":[{"href":"https:\/\/roldiwines.com\/index.php?rest_route=\/wp\/v2\/product"}],"about":[{"href":"https:\/\/roldiwines.com\/index.php?rest_route=\/wp\/v2\/types\/product"}],"wp:featuredmedia":[{"embeddable":true,"href":"https:\/\/roldiwines.com\/index.php?rest_route=\/wp\/v2\/media\/917"}],"wp:attachment":[{"href":"https:\/\/roldiwines.com\/index.php?rest_route=%2Fwp%2Fv2%2Fmedia&parent=3560"}],"wp:term":[{"taxonomy":"product_brand","embeddable":true,"href":"https:\/\/roldiwines.com\/index.php?rest_route=%2Fwp%2Fv2%2Fproduct_brand&post=3560"},{"taxonomy":"product_cat","embeddable":true,"href":"https:\/\/roldiwines.com\/index.php?rest_route=%2Fwp%2Fv2%2Fproduct_cat&post=3560"},{"taxonomy":"product_tag","embeddable":true,"href":"https:\/\/roldiwines.com\/index.php?rest_route=%2Fwp%2Fv2%2Fproduct_tag&post=3560"}],"curies":[{"name":"wp","href":"https:\/\/api.w.org\/{rel}","templated":true}]}}