{"id":3640,"date":"2025-07-31T15:06:28","date_gmt":"2025-07-31T15:06:28","guid":{"rendered":"https:\/\/roldiwines.com\/?post_type=product&#038;p=3640"},"modified":"2026-02-13T17:58:43","modified_gmt":"2026-02-13T17:58:43","slug":"senorio-de-ondarre-bodegas-ondarre-3","status":"publish","type":"product","link":"https:\/\/roldiwines.com\/?product=senorio-de-ondarre-bodegas-ondarre-3&lang=fr","title":{"rendered":"Se\u00f1orio de Ondarre &#8211; Bodegas Ondarre"},"content":{"rendered":"","protected":false},"excerpt":{"rendered":"<p>Fermentation et vinification s\u00e9par\u00e9es des c\u00e9pages, remontages quotidiens pendant trois mois, suivis d&#8217;une maturation de 16 mois en f\u00fbts de ch\u00eane neufs. Vieillissement en bouteille pendant quatre ans.<\/p>\n","protected":false},"featured_media":907,"template":"","meta":{"_et_pb_use_builder":"","_et_pb_old_content":"","_et_gb_content_width":""},"product_brand":[1183],"product_cat":[1048,1186,1208,1210,1212],"product_tag":[],"class_list":{"0":"post-3640","1":"product","2":"type-product","3":"status-publish","4":"has-post-thumbnail","6":"product_brand-bodegas-ondarre___fr","7":"product_cat-garnatxa-negra___fr","8":"product_cat-rouge___fr","9":"product_cat-doc-rioja___fr","10":"product_cat-tempranillo___fr","11":"product_cat-mazuelo___fr","13":"first","14":"instock","15":"taxable","16":"shipping-taxable","17":"purchasable","18":"product-type-variable","19":"has-default-attributes"},"pll_sync_post":{},"lang":"fr","translations":{"fr":3640,"es":3644,"de":3636,"ca":887,"en":3648},"_links":{"self":[{"href":"https:\/\/roldiwines.com\/index.php?rest_route=\/wp\/v2\/product\/3640","targetHints":{"allow":["GET"]}}],"collection":[{"href":"https:\/\/roldiwines.com\/index.php?rest_route=\/wp\/v2\/product"}],"about":[{"href":"https:\/\/roldiwines.com\/index.php?rest_route=\/wp\/v2\/types\/product"}],"wp:featuredmedia":[{"embeddable":true,"href":"https:\/\/roldiwines.com\/index.php?rest_route=\/wp\/v2\/media\/907"}],"wp:attachment":[{"href":"https:\/\/roldiwines.com\/index.php?rest_route=%2Fwp%2Fv2%2Fmedia&parent=3640"}],"wp:term":[{"taxonomy":"product_brand","embeddable":true,"href":"https:\/\/roldiwines.com\/index.php?rest_route=%2Fwp%2Fv2%2Fproduct_brand&post=3640"},{"taxonomy":"product_cat","embeddable":true,"href":"https:\/\/roldiwines.com\/index.php?rest_route=%2Fwp%2Fv2%2Fproduct_cat&post=3640"},{"taxonomy":"product_tag","embeddable":true,"href":"https:\/\/roldiwines.com\/index.php?rest_route=%2Fwp%2Fv2%2Fproduct_tag&post=3640"}],"curies":[{"name":"wp","href":"https:\/\/api.w.org\/{rel}","templated":true}]}}