{"id":3768,"date":"2025-07-30T15:00:32","date_gmt":"2025-07-30T15:00:32","guid":{"rendered":"https:\/\/roldiwines.com\/?post_type=product&#038;p=3768"},"modified":"2026-02-14T15:16:17","modified_gmt":"2026-02-14T15:16:17","slug":"cuevas-de-arom-bodegas-san-alejandro-3","status":"publish","type":"product","link":"https:\/\/roldiwines.com\/?product=cuevas-de-arom-bodegas-san-alejandro-3&lang=fr","title":{"rendered":"Cuevas de Arom &#8211; Bodegas San Alejandro"},"content":{"rendered":"","protected":false},"excerpt":{"rendered":"<p>Vieilles vignes de Garnacha sur des versants nord \u00e0 plus de 800 m\u00e8tres d&#8217;altitude. Tri\u00e9s \u00e0 la main. Sols pr\u00e9cambriens, quartzites et schistes. Fermentation en cuves de b\u00e9ton avec pigeage manuel. \u00c9levage de 14 mois en \u0153ufs de 30 hl et foudres de ch\u00eane autrichien. 50 % des tiges ont \u00e9t\u00e9 utilis\u00e9es lors de la fermentation avec des levures indig\u00e8nes.<\/p>\n","protected":false},"featured_media":839,"template":"","meta":{"_et_pb_use_builder":"","_et_pb_old_content":"","_et_gb_content_width":""},"product_brand":[1364],"product_cat":[1367,1369,1186],"product_tag":[],"class_list":{"0":"post-3768","1":"product","2":"type-product","3":"status-publish","4":"has-post-thumbnail","6":"product_brand-bodegas-san-alejandro___fr","7":"product_cat-do-calatayud___fr","8":"product_cat-garnatxa-vella___fr","9":"product_cat-rouge___fr","11":"first","12":"instock","13":"taxable","14":"shipping-taxable","15":"purchasable","16":"product-type-variable","17":"has-default-attributes"},"pll_sync_post":{},"lang":"fr","translations":{"fr":3768,"es":3772,"de":3764,"ca":833,"en":3776},"_links":{"self":[{"href":"https:\/\/roldiwines.com\/index.php?rest_route=\/wp\/v2\/product\/3768","targetHints":{"allow":["GET"]}}],"collection":[{"href":"https:\/\/roldiwines.com\/index.php?rest_route=\/wp\/v2\/product"}],"about":[{"href":"https:\/\/roldiwines.com\/index.php?rest_route=\/wp\/v2\/types\/product"}],"wp:featuredmedia":[{"embeddable":true,"href":"https:\/\/roldiwines.com\/index.php?rest_route=\/wp\/v2\/media\/839"}],"wp:attachment":[{"href":"https:\/\/roldiwines.com\/index.php?rest_route=%2Fwp%2Fv2%2Fmedia&parent=3768"}],"wp:term":[{"taxonomy":"product_brand","embeddable":true,"href":"https:\/\/roldiwines.com\/index.php?rest_route=%2Fwp%2Fv2%2Fproduct_brand&post=3768"},{"taxonomy":"product_cat","embeddable":true,"href":"https:\/\/roldiwines.com\/index.php?rest_route=%2Fwp%2Fv2%2Fproduct_cat&post=3768"},{"taxonomy":"product_tag","embeddable":true,"href":"https:\/\/roldiwines.com\/index.php?rest_route=%2Fwp%2Fv2%2Fproduct_tag&post=3768"}],"curies":[{"name":"wp","href":"https:\/\/api.w.org\/{rel}","templated":true}]}}