{"id":3918,"date":"2025-07-29T14:49:22","date_gmt":"2025-07-29T14:49:22","guid":{"rendered":"https:\/\/roldiwines.com\/?post_type=product&#038;p=3918"},"modified":"2026-02-15T10:51:46","modified_gmt":"2026-02-15T10:51:46","slug":"butaros-vinya-centenaria-mas-llunes-2","status":"publish","type":"product","link":"https:\/\/roldiwines.com\/?product=butaros-vinya-centenaria-mas-llunes-2&lang=de","title":{"rendered":"Butaros vinya Centenaria &#8211; Mas Llunes"},"content":{"rendered":"","protected":false},"excerpt":{"rendered":"<p>Limitierte Auflage von 1.800 Flaschen. Sehr alter Weinberg, \u00fcber 100 Jahre alt. In neuen franz\u00f6sischen Eichenf\u00e4ssern gereift und sechs Jahre lang in der Flasche gelagert.<\/p>\n","protected":false},"featured_media":703,"template":"","meta":{"_et_pb_use_builder":"","_et_pb_old_content":"","_et_gb_content_width":""},"product_brand":[1658],"product_cat":[1661,1055,1191,1529],"product_tag":[],"class_list":{"0":"post-3918","1":"product","2":"type-product","3":"status-publish","4":"has-post-thumbnail","6":"product_brand-mas-llunes___de","7":"product_cat-carinyena-vella___de","8":"product_cat-garnatxa-negra___de","9":"product_cat-rot","10":"product_cat-do-emporda___de","12":"first","13":"instock","14":"taxable","15":"shipping-taxable","16":"purchasable","17":"product-type-variable","18":"has-default-attributes"},"pll_sync_post":[],"lang":"de","translations":{"de":3918,"es":3922,"fr":3920,"ca":678,"en":3924},"_links":{"self":[{"href":"https:\/\/roldiwines.com\/index.php?rest_route=\/wp\/v2\/product\/3918","targetHints":{"allow":["GET"]}}],"collection":[{"href":"https:\/\/roldiwines.com\/index.php?rest_route=\/wp\/v2\/product"}],"about":[{"href":"https:\/\/roldiwines.com\/index.php?rest_route=\/wp\/v2\/types\/product"}],"wp:featuredmedia":[{"embeddable":true,"href":"https:\/\/roldiwines.com\/index.php?rest_route=\/wp\/v2\/media\/703"}],"wp:attachment":[{"href":"https:\/\/roldiwines.com\/index.php?rest_route=%2Fwp%2Fv2%2Fmedia&parent=3918"}],"wp:term":[{"taxonomy":"product_brand","embeddable":true,"href":"https:\/\/roldiwines.com\/index.php?rest_route=%2Fwp%2Fv2%2Fproduct_brand&post=3918"},{"taxonomy":"product_cat","embeddable":true,"href":"https:\/\/roldiwines.com\/index.php?rest_route=%2Fwp%2Fv2%2Fproduct_cat&post=3918"},{"taxonomy":"product_tag","embeddable":true,"href":"https:\/\/roldiwines.com\/index.php?rest_route=%2Fwp%2Fv2%2Fproduct_tag&post=3918"}],"curies":[{"name":"wp","href":"https:\/\/api.w.org\/{rel}","templated":true}]}}