{"id":3920,"date":"2025-07-29T14:49:22","date_gmt":"2025-07-29T14:49:22","guid":{"rendered":"https:\/\/roldiwines.com\/?post_type=product&#038;p=3920"},"modified":"2026-02-15T10:51:46","modified_gmt":"2026-02-15T10:51:46","slug":"butaros-vinya-centenaria-mas-llunes-3","status":"publish","type":"product","link":"https:\/\/roldiwines.com\/?product=butaros-vinya-centenaria-mas-llunes-3&lang=fr","title":{"rendered":"Butaros vinya Centenaria &#8211; Mas Llunes"},"content":{"rendered":"","protected":false},"excerpt":{"rendered":"<p>Edition limit\u00e9e \u00e0 1.800 bouteilles. Tr\u00e8s vieux vignoble, plus de 100 ans. \u00c9lev\u00e9 en f\u00fbts de ch\u00eane fran\u00e7ais neufs et conserv\u00e9 en bouteille pendant six ans.<\/p>\n","protected":false},"featured_media":703,"template":"","meta":{"_et_pb_use_builder":"","_et_pb_old_content":"","_et_gb_content_width":""},"product_brand":[1653],"product_cat":[1186,1524,1656,1048],"product_tag":[],"class_list":{"0":"post-3920","1":"product","2":"type-product","3":"status-publish","4":"has-post-thumbnail","6":"product_brand-mas-llunes___fr","7":"product_cat-rouge___fr","8":"product_cat-do-emporda___fr","9":"product_cat-carinyena-vella___fr","10":"product_cat-garnatxa-negra___fr","12":"first","13":"instock","14":"taxable","15":"shipping-taxable","16":"purchasable","17":"product-type-variable","18":"has-default-attributes"},"pll_sync_post":[],"lang":"fr","translations":{"fr":3920,"es":3922,"de":3918,"ca":678,"en":3924},"_links":{"self":[{"href":"https:\/\/roldiwines.com\/index.php?rest_route=\/wp\/v2\/product\/3920","targetHints":{"allow":["GET"]}}],"collection":[{"href":"https:\/\/roldiwines.com\/index.php?rest_route=\/wp\/v2\/product"}],"about":[{"href":"https:\/\/roldiwines.com\/index.php?rest_route=\/wp\/v2\/types\/product"}],"wp:featuredmedia":[{"embeddable":true,"href":"https:\/\/roldiwines.com\/index.php?rest_route=\/wp\/v2\/media\/703"}],"wp:attachment":[{"href":"https:\/\/roldiwines.com\/index.php?rest_route=%2Fwp%2Fv2%2Fmedia&parent=3920"}],"wp:term":[{"taxonomy":"product_brand","embeddable":true,"href":"https:\/\/roldiwines.com\/index.php?rest_route=%2Fwp%2Fv2%2Fproduct_brand&post=3920"},{"taxonomy":"product_cat","embeddable":true,"href":"https:\/\/roldiwines.com\/index.php?rest_route=%2Fwp%2Fv2%2Fproduct_cat&post=3920"},{"taxonomy":"product_tag","embeddable":true,"href":"https:\/\/roldiwines.com\/index.php?rest_route=%2Fwp%2Fv2%2Fproduct_tag&post=3920"}],"curies":[{"name":"wp","href":"https:\/\/api.w.org\/{rel}","templated":true}]}}