{"id":3984,"date":"2025-07-23T17:26:15","date_gmt":"2025-07-23T17:26:15","guid":{"rendered":"https:\/\/roldiwines.com\/?post_type=product&#038;p=3984"},"modified":"2026-02-15T12:23:07","modified_gmt":"2026-02-15T12:23:07","slug":"les-pusses-de-muller-3","status":"publish","type":"product","link":"https:\/\/roldiwines.com\/?product=les-pusses-de-muller-3&lang=fr","title":{"rendered":"Les Pusses &#8211; De Muller"},"content":{"rendered":"","protected":false},"excerpt":{"rendered":"<p>Le vieillissement de 14 mois en f\u00fbts de ch\u00eane hongrois lui conf\u00e8re un caract\u00e8re encore plus prononc\u00e9. L&#8217;intensit\u00e9 du fruit s&#8217;allie \u00e0 la personnalit\u00e9 du bois de ch\u00eane, ce qui permet au vin de m\u00fbrir de mani\u00e8re optimale et de d\u00e9velopper des ar\u00f4mes et des saveurs complexes. Apr\u00e8s le vieillissement en bouteille, le vin pr\u00e9sente des ar\u00f4mes balsamiques, des notes de torr\u00e9faction, de caf\u00e9 et de toffee.<\/p>\n","protected":false},"featured_media":566,"template":"","meta":{"_et_pb_use_builder":"","_et_pb_old_content":"","_et_gb_content_width":""},"product_brand":[1753],"product_cat":[1402,1406,677,1186],"product_tag":[],"class_list":{"0":"post-3984","1":"product","2":"type-product","3":"status-publish","4":"has-post-thumbnail","6":"product_brand-de-muller___fr","7":"product_cat-syrah___fr","8":"product_cat-merlot___fr","9":"product_cat-doq-priorat___fr","10":"product_cat-rouge___fr","12":"first","13":"instock","14":"taxable","15":"shipping-taxable","16":"purchasable","17":"product-type-variable","18":"has-default-attributes"},"pll_sync_post":[],"lang":"fr","translations":{"fr":3984,"es":3986,"de":3982,"ca":565,"en":3988},"_links":{"self":[{"href":"https:\/\/roldiwines.com\/index.php?rest_route=\/wp\/v2\/product\/3984","targetHints":{"allow":["GET"]}}],"collection":[{"href":"https:\/\/roldiwines.com\/index.php?rest_route=\/wp\/v2\/product"}],"about":[{"href":"https:\/\/roldiwines.com\/index.php?rest_route=\/wp\/v2\/types\/product"}],"wp:featuredmedia":[{"embeddable":true,"href":"https:\/\/roldiwines.com\/index.php?rest_route=\/wp\/v2\/media\/566"}],"wp:attachment":[{"href":"https:\/\/roldiwines.com\/index.php?rest_route=%2Fwp%2Fv2%2Fmedia&parent=3984"}],"wp:term":[{"taxonomy":"product_brand","embeddable":true,"href":"https:\/\/roldiwines.com\/index.php?rest_route=%2Fwp%2Fv2%2Fproduct_brand&post=3984"},{"taxonomy":"product_cat","embeddable":true,"href":"https:\/\/roldiwines.com\/index.php?rest_route=%2Fwp%2Fv2%2Fproduct_cat&post=3984"},{"taxonomy":"product_tag","embeddable":true,"href":"https:\/\/roldiwines.com\/index.php?rest_route=%2Fwp%2Fv2%2Fproduct_tag&post=3984"}],"curies":[{"name":"wp","href":"https:\/\/api.w.org\/{rel}","templated":true}]}}