{"id":4015,"date":"2025-07-23T16:31:11","date_gmt":"2025-07-23T16:31:11","guid":{"rendered":"https:\/\/roldiwines.com\/?post_type=product&#038;p=4015"},"modified":"2026-02-15T12:27:00","modified_gmt":"2026-02-15T12:27:00","slug":"parato-parato-vinicola-2","status":"publish","type":"product","link":"https:\/\/roldiwines.com\/?product=parato-parato-vinicola-2&lang=de","title":{"rendered":"Parat\u00f3 \u2013 Parato Vinicola"},"content":{"rendered":"","protected":false},"excerpt":{"rendered":"<p>Ein gro\u00dfartiger Weingutswein, hergestellt aus Trauben einer einzigen 110 Jahre alten Rebfl\u00e4che. Malolaktische G\u00e4rung und Reifung in 300-Liter-F\u00e4ssern aus franz\u00f6sischer und amerikanischer Eiche.<\/p>\n","protected":false},"featured_media":555,"template":"","meta":{"_et_pb_use_builder":"","_et_pb_old_content":"","_et_gb_content_width":""},"product_brand":[1800],"product_cat":[1661,705,1191],"product_tag":[],"class_list":{"0":"post-4015","1":"product","2":"type-product","3":"status-publish","4":"has-post-thumbnail","6":"product_brand-parato-vinicola___de","7":"product_cat-carinyena-vella___de","8":"product_cat-do-penedes___de","9":"product_cat-rot","11":"first","12":"instock","13":"taxable","14":"shipping-taxable","15":"purchasable","16":"product-type-variable","17":"has-default-attributes"},"pll_sync_post":[],"lang":"de","translations":{"de":4015,"es":4019,"fr":4017,"ca":551,"en":4021},"_links":{"self":[{"href":"https:\/\/roldiwines.com\/index.php?rest_route=\/wp\/v2\/product\/4015","targetHints":{"allow":["GET"]}}],"collection":[{"href":"https:\/\/roldiwines.com\/index.php?rest_route=\/wp\/v2\/product"}],"about":[{"href":"https:\/\/roldiwines.com\/index.php?rest_route=\/wp\/v2\/types\/product"}],"wp:featuredmedia":[{"embeddable":true,"href":"https:\/\/roldiwines.com\/index.php?rest_route=\/wp\/v2\/media\/555"}],"wp:attachment":[{"href":"https:\/\/roldiwines.com\/index.php?rest_route=%2Fwp%2Fv2%2Fmedia&parent=4015"}],"wp:term":[{"taxonomy":"product_brand","embeddable":true,"href":"https:\/\/roldiwines.com\/index.php?rest_route=%2Fwp%2Fv2%2Fproduct_brand&post=4015"},{"taxonomy":"product_cat","embeddable":true,"href":"https:\/\/roldiwines.com\/index.php?rest_route=%2Fwp%2Fv2%2Fproduct_cat&post=4015"},{"taxonomy":"product_tag","embeddable":true,"href":"https:\/\/roldiwines.com\/index.php?rest_route=%2Fwp%2Fv2%2Fproduct_tag&post=4015"}],"curies":[{"name":"wp","href":"https:\/\/api.w.org\/{rel}","templated":true}]}}