{"id":4043,"date":"2025-07-23T16:09:53","date_gmt":"2025-07-23T16:09:53","guid":{"rendered":"https:\/\/roldiwines.com\/?post_type=product&#038;p=4043"},"modified":"2026-02-15T12:30:22","modified_gmt":"2026-02-15T12:30:22","slug":"clot-dilla-mas-polit-4","status":"publish","type":"product","link":"https:\/\/roldiwines.com\/?product=clot-dilla-mas-polit-4&lang=es","title":{"rendered":"Clot d&#8217;Illa &#8211; Mas Polit"},"content":{"rendered":"","protected":false},"excerpt":{"rendered":"<p>Vi\u00f1edos de monta\u00f1a y viticultura heroica. Suelo de pizarra en la Serra Balmeta. Vendimia manual, fermentaci\u00f3n en dep\u00f3sitos de acero inoxidable y crianza de 7 meses en barricas de roble franc\u00e9s.<\/p>\n","protected":false},"featured_media":545,"template":"","meta":{"_et_pb_use_builder":"","_et_pb_old_content":"","_et_gb_content_width":""},"product_brand":[1563],"product_cat":[1041,1181,1393,1519],"product_tag":[],"class_list":{"0":"post-4043","1":"product","2":"type-product","3":"status-publish","4":"has-post-thumbnail","6":"product_brand-mas-polit___es","7":"product_cat-garnatxa-negra___es","8":"product_cat-tinto___es","9":"product_cat-syrah___es","10":"product_cat-do-emporda___es","12":"first","13":"instock","14":"taxable","15":"shipping-taxable","16":"purchasable","17":"product-type-variable","18":"has-default-attributes"},"pll_sync_post":[],"lang":"es","translations":{"es":4043,"fr":4041,"de":4039,"ca":542,"en":4045},"_links":{"self":[{"href":"https:\/\/roldiwines.com\/index.php?rest_route=\/wp\/v2\/product\/4043","targetHints":{"allow":["GET"]}}],"collection":[{"href":"https:\/\/roldiwines.com\/index.php?rest_route=\/wp\/v2\/product"}],"about":[{"href":"https:\/\/roldiwines.com\/index.php?rest_route=\/wp\/v2\/types\/product"}],"wp:featuredmedia":[{"embeddable":true,"href":"https:\/\/roldiwines.com\/index.php?rest_route=\/wp\/v2\/media\/545"}],"wp:attachment":[{"href":"https:\/\/roldiwines.com\/index.php?rest_route=%2Fwp%2Fv2%2Fmedia&parent=4043"}],"wp:term":[{"taxonomy":"product_brand","embeddable":true,"href":"https:\/\/roldiwines.com\/index.php?rest_route=%2Fwp%2Fv2%2Fproduct_brand&post=4043"},{"taxonomy":"product_cat","embeddable":true,"href":"https:\/\/roldiwines.com\/index.php?rest_route=%2Fwp%2Fv2%2Fproduct_cat&post=4043"},{"taxonomy":"product_tag","embeddable":true,"href":"https:\/\/roldiwines.com\/index.php?rest_route=%2Fwp%2Fv2%2Fproduct_tag&post=4043"}],"curies":[{"name":"wp","href":"https:\/\/api.w.org\/{rel}","templated":true}]}}