{"id":4051,"date":"2025-07-23T16:00:17","date_gmt":"2025-07-23T16:00:17","guid":{"rendered":"https:\/\/roldiwines.com\/?post_type=product&#038;p=4051"},"modified":"2026-02-15T12:31:10","modified_gmt":"2026-02-15T12:31:10","slug":"racons-del-mas-polit-mas-polit-4","status":"publish","type":"product","link":"https:\/\/roldiwines.com\/?product=racons-del-mas-polit-mas-polit-4&lang=es","title":{"rendered":"Racons del Mas P\u00f2lit &#8211; Mas Polit"},"content":{"rendered":"","protected":false},"excerpt":{"rendered":"<p>Un vino de un vi\u00f1edo de 110 a\u00f1os, en edici\u00f3n limitada de 500 botellas. Un vino de una viticultura heroica. Un vi\u00f1edo de monta\u00f1a sobre suelo esquistoso en las laderas de la Serra Balmeta. Seleccionado a mano, fermenta en cubas de acero, seguido de 12 meses de crianza y fermentaci\u00f3n malol\u00e1ctica sobre l\u00edas en barricas de roble franc\u00e9s.<\/p>\n","protected":false},"featured_media":540,"template":"","meta":{"_et_pb_use_builder":"","_et_pb_old_content":"","_et_gb_content_width":""},"product_brand":[1563],"product_cat":[1519,1817,1181],"product_tag":[],"class_list":{"0":"post-4051","1":"product","2":"type-product","3":"status-publish","4":"has-post-thumbnail","6":"product_brand-mas-polit___es","7":"product_cat-do-emporda___es","8":"product_cat-monastrell___es","9":"product_cat-tinto___es","11":"first","12":"instock","13":"taxable","14":"shipping-taxable","15":"purchasable","16":"product-type-variable","17":"has-default-attributes"},"pll_sync_post":{},"lang":"es","translations":{"es":4051,"fr":4049,"de":4047,"ca":537,"en":4053},"_links":{"self":[{"href":"https:\/\/roldiwines.com\/index.php?rest_route=\/wp\/v2\/product\/4051","targetHints":{"allow":["GET"]}}],"collection":[{"href":"https:\/\/roldiwines.com\/index.php?rest_route=\/wp\/v2\/product"}],"about":[{"href":"https:\/\/roldiwines.com\/index.php?rest_route=\/wp\/v2\/types\/product"}],"wp:featuredmedia":[{"embeddable":true,"href":"https:\/\/roldiwines.com\/index.php?rest_route=\/wp\/v2\/media\/540"}],"wp:attachment":[{"href":"https:\/\/roldiwines.com\/index.php?rest_route=%2Fwp%2Fv2%2Fmedia&parent=4051"}],"wp:term":[{"taxonomy":"product_brand","embeddable":true,"href":"https:\/\/roldiwines.com\/index.php?rest_route=%2Fwp%2Fv2%2Fproduct_brand&post=4051"},{"taxonomy":"product_cat","embeddable":true,"href":"https:\/\/roldiwines.com\/index.php?rest_route=%2Fwp%2Fv2%2Fproduct_cat&post=4051"},{"taxonomy":"product_tag","embeddable":true,"href":"https:\/\/roldiwines.com\/index.php?rest_route=%2Fwp%2Fv2%2Fproduct_tag&post=4051"}],"curies":[{"name":"wp","href":"https:\/\/api.w.org\/{rel}","templated":true}]}}