{"id":4071,"date":"2025-07-23T15:11:46","date_gmt":"2025-07-23T15:11:46","guid":{"rendered":"https:\/\/roldiwines.com\/?post_type=product&#038;p=4071"},"modified":"2026-02-15T12:35:16","modified_gmt":"2026-02-15T12:35:16","slug":"xot-vinyes-dels-aspres-2","status":"publish","type":"product","link":"https:\/\/roldiwines.com\/?product=xot-vinyes-dels-aspres-2&lang=de","title":{"rendered":"Xot &#8211; Vinyes dels Aspres"},"content":{"rendered":"","protected":false},"excerpt":{"rendered":"<p>Dieser Wein wurde sieben Monate lang in franz\u00f6sischen Eichenf\u00e4ssern gereift. Am Gaumen zeigt er eine gleichm\u00e4\u00dfige S\u00e4ure und die w\u00fcrzige Note h\u00e4lt an, vor allem Zimt, Nelken und ein Hauch von Sternanis. Er ist kr\u00e4ftig und hat einen guten Abgang.<\/p>\n","protected":false},"featured_media":527,"template":"","meta":{"_et_pb_use_builder":"","_et_pb_old_content":"","_et_gb_content_width":""},"product_brand":[1865],"product_cat":[1055,1191,1413,1529,1540],"product_tag":[],"class_list":{"0":"post-4071","1":"product","2":"type-product","3":"status-publish","4":"has-post-thumbnail","6":"product_brand-vinyes-dels-aspres___de","7":"product_cat-garnatxa-negra___de","8":"product_cat-rot","9":"product_cat-cabernet-sauvignon___de","10":"product_cat-do-emporda___de","11":"product_cat-carinyena___de","13":"first","14":"instock","15":"taxable","16":"shipping-taxable","17":"purchasable","18":"product-type-variable","19":"has-default-attributes"},"pll_sync_post":[],"lang":"de","translations":{"de":4071,"es":4075,"fr":4073,"ca":526,"en":4077},"_links":{"self":[{"href":"https:\/\/roldiwines.com\/index.php?rest_route=\/wp\/v2\/product\/4071","targetHints":{"allow":["GET"]}}],"collection":[{"href":"https:\/\/roldiwines.com\/index.php?rest_route=\/wp\/v2\/product"}],"about":[{"href":"https:\/\/roldiwines.com\/index.php?rest_route=\/wp\/v2\/types\/product"}],"wp:featuredmedia":[{"embeddable":true,"href":"https:\/\/roldiwines.com\/index.php?rest_route=\/wp\/v2\/media\/527"}],"wp:attachment":[{"href":"https:\/\/roldiwines.com\/index.php?rest_route=%2Fwp%2Fv2%2Fmedia&parent=4071"}],"wp:term":[{"taxonomy":"product_brand","embeddable":true,"href":"https:\/\/roldiwines.com\/index.php?rest_route=%2Fwp%2Fv2%2Fproduct_brand&post=4071"},{"taxonomy":"product_cat","embeddable":true,"href":"https:\/\/roldiwines.com\/index.php?rest_route=%2Fwp%2Fv2%2Fproduct_cat&post=4071"},{"taxonomy":"product_tag","embeddable":true,"href":"https:\/\/roldiwines.com\/index.php?rest_route=%2Fwp%2Fv2%2Fproduct_tag&post=4071"}],"curies":[{"name":"wp","href":"https:\/\/api.w.org\/{rel}","templated":true}]}}