{"id":4119,"date":"2025-07-22T17:53:58","date_gmt":"2025-07-22T17:53:58","guid":{"rendered":"https:\/\/roldiwines.com\/?post_type=product&#038;p=4119"},"modified":"2026-02-15T12:39:39","modified_gmt":"2026-02-15T12:39:39","slug":"ca-lelsa-gran-reserva-eccocivi-2","status":"publish","type":"product","link":"https:\/\/roldiwines.com\/?product=ca-lelsa-gran-reserva-eccocivi-2&lang=de","title":{"rendered":"Ca l\u2019Elsa Gran Reserva- Eccocivi"},"content":{"rendered":"","protected":false},"excerpt":{"rendered":"<p>Bio-Weingut mit Zertifizierung f\u00fcr CO2-Neutralit\u00e4t. Manuelle Lese, Pressung durch Schwerkraft und nach der fermentativen Mazeration g\u00e4rt der Most bei kontrollierter Temperatur. Der durch Saign\u00e9e gewonnene Wein reift 24 Monate lang in franz\u00f6sischen Eichenf\u00e4ssern.<\/p>\n","protected":false},"featured_media":467,"template":"","meta":{"_et_pb_use_builder":"","_et_pb_old_content":"","_et_gb_content_width":""},"product_brand":[1501],"product_cat":[1191,1413,1504,1506,1900],"product_tag":[],"class_list":{"0":"post-4119","1":"product","2":"type-product","3":"status-publish","4":"has-post-thumbnail","6":"product_brand-eccocivi___de","7":"product_cat-rot","8":"product_cat-cabernet-sauvignon___de","9":"product_cat-girona-les-gavarres___de","10":"product_cat-cabernet-franc___de","11":"product_cat-petit-verdot","13":"first","14":"instock","15":"taxable","16":"shipping-taxable","17":"purchasable","18":"product-type-variable","19":"has-default-attributes"},"pll_sync_post":{},"lang":"de","translations":{"de":4119,"es":4127,"fr":4123,"ca":466,"en":4131},"_links":{"self":[{"href":"https:\/\/roldiwines.com\/index.php?rest_route=\/wp\/v2\/product\/4119","targetHints":{"allow":["GET"]}}],"collection":[{"href":"https:\/\/roldiwines.com\/index.php?rest_route=\/wp\/v2\/product"}],"about":[{"href":"https:\/\/roldiwines.com\/index.php?rest_route=\/wp\/v2\/types\/product"}],"wp:featuredmedia":[{"embeddable":true,"href":"https:\/\/roldiwines.com\/index.php?rest_route=\/wp\/v2\/media\/467"}],"wp:attachment":[{"href":"https:\/\/roldiwines.com\/index.php?rest_route=%2Fwp%2Fv2%2Fmedia&parent=4119"}],"wp:term":[{"taxonomy":"product_brand","embeddable":true,"href":"https:\/\/roldiwines.com\/index.php?rest_route=%2Fwp%2Fv2%2Fproduct_brand&post=4119"},{"taxonomy":"product_cat","embeddable":true,"href":"https:\/\/roldiwines.com\/index.php?rest_route=%2Fwp%2Fv2%2Fproduct_cat&post=4119"},{"taxonomy":"product_tag","embeddable":true,"href":"https:\/\/roldiwines.com\/index.php?rest_route=%2Fwp%2Fv2%2Fproduct_tag&post=4119"}],"curies":[{"name":"wp","href":"https:\/\/api.w.org\/{rel}","templated":true}]}}