{"id":4123,"date":"2025-07-22T17:53:58","date_gmt":"2025-07-22T17:53:58","guid":{"rendered":"https:\/\/roldiwines.com\/?post_type=product&#038;p=4123"},"modified":"2026-02-15T12:39:39","modified_gmt":"2026-02-15T12:39:39","slug":"ca-lelsa-gran-reserva-eccocivi-3","status":"publish","type":"product","link":"https:\/\/roldiwines.com\/?product=ca-lelsa-gran-reserva-eccocivi-3&lang=fr","title":{"rendered":"Ca l&#8217;Elsa Gran Reserva- Eccocivi"},"content":{"rendered":"","protected":false},"excerpt":{"rendered":"<p>Domaine viticole bio avec certification de neutralit\u00e9 carbone. Vendanges manuelles, pressurage par gravit\u00e9 et, apr\u00e8s une mac\u00e9ration fermentaire, le mo\u00fbt fermente \u00e0 temp\u00e9rature contr\u00f4l\u00e9e. Le vin obtenu par saign\u00e9e est \u00e9lev\u00e9 pendant 24 mois en f\u00fbts de ch\u00eane fran\u00e7ais.<\/p>\n","protected":false},"featured_media":467,"template":"","meta":{"_et_pb_use_builder":"","_et_pb_old_content":"","_et_gb_content_width":""},"product_brand":[1494],"product_cat":[1404,1497,1499,1906,1186],"product_tag":[],"class_list":{"0":"post-4123","1":"product","2":"type-product","3":"status-publish","4":"has-post-thumbnail","6":"product_brand-eccocivi___fr","7":"product_cat-cabernet-sauvignon___fr","8":"product_cat-girona-les-gavarres___fr","9":"product_cat-cabernet-franc___fr","10":"product_cat-petit-verdot-fr","11":"product_cat-rouge___fr","13":"first","14":"instock","15":"taxable","16":"shipping-taxable","17":"purchasable","18":"product-type-variable","19":"has-default-attributes"},"pll_sync_post":{},"lang":"fr","translations":{"fr":4123,"es":4127,"de":4119,"ca":466,"en":4131},"_links":{"self":[{"href":"https:\/\/roldiwines.com\/index.php?rest_route=\/wp\/v2\/product\/4123","targetHints":{"allow":["GET"]}}],"collection":[{"href":"https:\/\/roldiwines.com\/index.php?rest_route=\/wp\/v2\/product"}],"about":[{"href":"https:\/\/roldiwines.com\/index.php?rest_route=\/wp\/v2\/types\/product"}],"wp:featuredmedia":[{"embeddable":true,"href":"https:\/\/roldiwines.com\/index.php?rest_route=\/wp\/v2\/media\/467"}],"wp:attachment":[{"href":"https:\/\/roldiwines.com\/index.php?rest_route=%2Fwp%2Fv2%2Fmedia&parent=4123"}],"wp:term":[{"taxonomy":"product_brand","embeddable":true,"href":"https:\/\/roldiwines.com\/index.php?rest_route=%2Fwp%2Fv2%2Fproduct_brand&post=4123"},{"taxonomy":"product_cat","embeddable":true,"href":"https:\/\/roldiwines.com\/index.php?rest_route=%2Fwp%2Fv2%2Fproduct_cat&post=4123"},{"taxonomy":"product_tag","embeddable":true,"href":"https:\/\/roldiwines.com\/index.php?rest_route=%2Fwp%2Fv2%2Fproduct_tag&post=4123"}],"curies":[{"name":"wp","href":"https:\/\/api.w.org\/{rel}","templated":true}]}}