{"id":4127,"date":"2025-07-22T17:53:58","date_gmt":"2025-07-22T17:53:58","guid":{"rendered":"https:\/\/roldiwines.com\/?post_type=product&#038;p=4127"},"modified":"2026-02-15T12:39:39","modified_gmt":"2026-02-15T12:39:39","slug":"ca-lelsa-gran-reserva-eccocivi-4","status":"publish","type":"product","link":"https:\/\/roldiwines.com\/?product=ca-lelsa-gran-reserva-eccocivi-4&lang=es","title":{"rendered":"Ca l&#8217;Elsa Gran Reserva- Eccocivi"},"content":{"rendered":"","protected":false},"excerpt":{"rendered":"<p>Finca vin\u00edcola ecol\u00f3gica con certificaci\u00f3n de neutralidad de carbono. Las uvas se vendimian a mano, se prensan por gravedad y, tras la maceraci\u00f3n fermentativa, el mosto fermenta a temperatura controlada. El vino obtenido por sangrado envejece durante 24 meses en barricas de roble franc\u00e9s.<\/p>\n","protected":false},"featured_media":467,"template":"","meta":{"_et_pb_use_builder":"","_et_pb_old_content":"","_et_gb_content_width":""},"product_brand":[1487],"product_cat":[1490,1492,1909,1181,1395],"product_tag":[],"class_list":{"0":"post-4127","1":"product","2":"type-product","3":"status-publish","4":"has-post-thumbnail","6":"product_brand-eccocivi___es","7":"product_cat-girona-les-gavarres___es","8":"product_cat-cabernet-franc___es","9":"product_cat-petit-verdot-es","10":"product_cat-tinto___es","11":"product_cat-cabernet-sauvignon___es","13":"first","14":"instock","15":"taxable","16":"shipping-taxable","17":"purchasable","18":"product-type-variable","19":"has-default-attributes"},"pll_sync_post":{},"lang":"es","translations":{"es":4127,"fr":4123,"de":4119,"ca":466,"en":4131},"_links":{"self":[{"href":"https:\/\/roldiwines.com\/index.php?rest_route=\/wp\/v2\/product\/4127","targetHints":{"allow":["GET"]}}],"collection":[{"href":"https:\/\/roldiwines.com\/index.php?rest_route=\/wp\/v2\/product"}],"about":[{"href":"https:\/\/roldiwines.com\/index.php?rest_route=\/wp\/v2\/types\/product"}],"wp:featuredmedia":[{"embeddable":true,"href":"https:\/\/roldiwines.com\/index.php?rest_route=\/wp\/v2\/media\/467"}],"wp:attachment":[{"href":"https:\/\/roldiwines.com\/index.php?rest_route=%2Fwp%2Fv2%2Fmedia&parent=4127"}],"wp:term":[{"taxonomy":"product_brand","embeddable":true,"href":"https:\/\/roldiwines.com\/index.php?rest_route=%2Fwp%2Fv2%2Fproduct_brand&post=4127"},{"taxonomy":"product_cat","embeddable":true,"href":"https:\/\/roldiwines.com\/index.php?rest_route=%2Fwp%2Fv2%2Fproduct_cat&post=4127"},{"taxonomy":"product_tag","embeddable":true,"href":"https:\/\/roldiwines.com\/index.php?rest_route=%2Fwp%2Fv2%2Fproduct_tag&post=4127"}],"curies":[{"name":"wp","href":"https:\/\/api.w.org\/{rel}","templated":true}]}}