{"id":460,"date":"2025-07-22T17:11:24","date_gmt":"2025-07-22T17:11:24","guid":{"rendered":"https:\/\/roldiwines.com\/producte\/k_i-de-pascona-baronia-dentenca\/"},"modified":"2026-02-15T12:40:43","modified_gmt":"2026-02-15T12:40:43","slug":"k_i-de-pascona-baronia-dentenca","status":"publish","type":"product","link":"https:\/\/roldiwines.com\/?product=k_i-de-pascona-baronia-dentenca","title":{"rendered":"K_i de Pascona &#8211; Baronia d\u2019Enten\u00e7a"},"content":{"rendered":"","protected":false},"excerpt":{"rendered":"<p>Viticultura ecol\u00f2gica, vi de minima intervenci\u00f3, maceraci\u00f3 en diposits d&#8217;acer inoxidable, fermentaci\u00f3 i crian\u00e7a de 12 mesos en botes de roure franc\u00e9s de segon us.<\/p>\n","protected":false},"featured_media":464,"template":"","meta":{"_et_pb_use_builder":"","_et_pb_old_content":"","_et_gb_content_width":""},"product_brand":[127],"product_cat":[136,41,36],"product_tag":[],"class_list":{"0":"post-460","1":"product","2":"type-product","3":"status-publish","4":"has-post-thumbnail","6":"product_brand-baronia-dentenca","7":"product_cat-negre","8":"product_cat-syrah","9":"product_cat-do-montsant","11":"first","12":"instock","13":"taxable","14":"shipping-taxable","15":"purchasable","16":"product-type-variable","17":"has-default-attributes"},"pll_sync_post":[],"lang":"ca","translations":{"ca":460,"es":4144,"fr":4140,"de":4136,"en":4148},"_links":{"self":[{"href":"https:\/\/roldiwines.com\/index.php?rest_route=\/wp\/v2\/product\/460","targetHints":{"allow":["GET"]}}],"collection":[{"href":"https:\/\/roldiwines.com\/index.php?rest_route=\/wp\/v2\/product"}],"about":[{"href":"https:\/\/roldiwines.com\/index.php?rest_route=\/wp\/v2\/types\/product"}],"wp:featuredmedia":[{"embeddable":true,"href":"https:\/\/roldiwines.com\/index.php?rest_route=\/wp\/v2\/media\/464"}],"wp:attachment":[{"href":"https:\/\/roldiwines.com\/index.php?rest_route=%2Fwp%2Fv2%2Fmedia&parent=460"}],"wp:term":[{"taxonomy":"product_brand","embeddable":true,"href":"https:\/\/roldiwines.com\/index.php?rest_route=%2Fwp%2Fv2%2Fproduct_brand&post=460"},{"taxonomy":"product_cat","embeddable":true,"href":"https:\/\/roldiwines.com\/index.php?rest_route=%2Fwp%2Fv2%2Fproduct_cat&post=460"},{"taxonomy":"product_tag","embeddable":true,"href":"https:\/\/roldiwines.com\/index.php?rest_route=%2Fwp%2Fv2%2Fproduct_tag&post=460"}],"curies":[{"name":"wp","href":"https:\/\/api.w.org\/{rel}","templated":true}]}}