{"id":529,"date":"2025-07-23T15:22:11","date_gmt":"2025-07-23T15:22:11","guid":{"rendered":"https:\/\/roldiwines.com\/?product=cami-de-cormes-roig-parals"},"modified":"2026-02-16T21:28:08","modified_gmt":"2026-02-16T21:28:08","slug":"cami-de-cormes-roig-parals","status":"publish","type":"product","link":"https:\/\/roldiwines.com\/?product=cami-de-cormes-roig-parals","title":{"rendered":"Cam\u00ed de Cormes &#8211; Roig Parals"},"content":{"rendered":"","protected":false},"excerpt":{"rendered":"<p>Vi procendent de vinya de m\u00e9s de 100 anys. Fermentaci\u00f3 amb contacte amb pells i lies durant 25 dies. Envelliment de 14 mesos en barriques de roure franc\u00e8s de 225 litres.<\/p>\n","protected":false},"featured_media":531,"template":"","meta":{"_et_pb_use_builder":"","_et_pb_old_content":"","_et_gb_content_width":""},"product_brand":[124],"product_cat":[136,51,52],"product_tag":[],"class_list":{"0":"post-529","1":"product","2":"type-product","3":"status-publish","4":"has-post-thumbnail","6":"product_brand-roig-parals","7":"product_cat-negre","8":"product_cat-do-emporda","9":"product_cat-carinyena-vella","11":"first","12":"instock","13":"taxable","14":"shipping-taxable","15":"purchasable","16":"product-type-variable","17":"has-default-attributes"},"pll_sync_post":[],"lang":"ca","translations":{"ca":529,"es":4067,"fr":4065,"de":4063,"en":4069},"_links":{"self":[{"href":"https:\/\/roldiwines.com\/index.php?rest_route=\/wp\/v2\/product\/529","targetHints":{"allow":["GET"]}}],"collection":[{"href":"https:\/\/roldiwines.com\/index.php?rest_route=\/wp\/v2\/product"}],"about":[{"href":"https:\/\/roldiwines.com\/index.php?rest_route=\/wp\/v2\/types\/product"}],"wp:featuredmedia":[{"embeddable":true,"href":"https:\/\/roldiwines.com\/index.php?rest_route=\/wp\/v2\/media\/531"}],"wp:attachment":[{"href":"https:\/\/roldiwines.com\/index.php?rest_route=%2Fwp%2Fv2%2Fmedia&parent=529"}],"wp:term":[{"taxonomy":"product_brand","embeddable":true,"href":"https:\/\/roldiwines.com\/index.php?rest_route=%2Fwp%2Fv2%2Fproduct_brand&post=529"},{"taxonomy":"product_cat","embeddable":true,"href":"https:\/\/roldiwines.com\/index.php?rest_route=%2Fwp%2Fv2%2Fproduct_cat&post=529"},{"taxonomy":"product_tag","embeddable":true,"href":"https:\/\/roldiwines.com\/index.php?rest_route=%2Fwp%2Fv2%2Fproduct_tag&post=529"}],"curies":[{"name":"wp","href":"https:\/\/api.w.org\/{rel}","templated":true}]}}