{"id":542,"date":"2025-07-23T16:09:53","date_gmt":"2025-07-23T16:09:53","guid":{"rendered":"https:\/\/roldiwines.com\/?product=clot-dilla-mas-polit"},"modified":"2026-02-15T12:30:22","modified_gmt":"2026-02-15T12:30:22","slug":"clot-dilla-mas-polit","status":"publish","type":"product","link":"https:\/\/roldiwines.com\/?product=clot-dilla-mas-polit","title":{"rendered":"Clot d\u2019Illa &#8211; Mas Polit"},"content":{"rendered":"","protected":false},"excerpt":{"rendered":"<p>Vinyes de muntanya i viticultura her\u00f2ica. S\u00f2l de pissarra situada a la Serra Balmeta. Collita manual, fermentaci\u00f3 en tines d&#8217;acer inoxidable i posterior envelliment de 7 mesos en barriques de roure franc\u00e8s.<\/p>\n","protected":false},"featured_media":545,"template":"","meta":{"_et_pb_use_builder":"","_et_pb_old_content":"","_et_gb_content_width":""},"product_brand":[108],"product_cat":[136,41,51,35],"product_tag":[],"class_list":{"0":"post-542","1":"product","2":"type-product","3":"status-publish","4":"has-post-thumbnail","6":"product_brand-mas-polit","7":"product_cat-negre","8":"product_cat-syrah","9":"product_cat-do-emporda","10":"product_cat-garnatxa-negra","12":"first","13":"instock","14":"taxable","15":"shipping-taxable","16":"purchasable","17":"product-type-variable","18":"has-default-attributes"},"pll_sync_post":[],"lang":"ca","translations":{"ca":542,"es":4043,"fr":4041,"de":4039,"en":4045},"_links":{"self":[{"href":"https:\/\/roldiwines.com\/index.php?rest_route=\/wp\/v2\/product\/542","targetHints":{"allow":["GET"]}}],"collection":[{"href":"https:\/\/roldiwines.com\/index.php?rest_route=\/wp\/v2\/product"}],"about":[{"href":"https:\/\/roldiwines.com\/index.php?rest_route=\/wp\/v2\/types\/product"}],"wp:featuredmedia":[{"embeddable":true,"href":"https:\/\/roldiwines.com\/index.php?rest_route=\/wp\/v2\/media\/545"}],"wp:attachment":[{"href":"https:\/\/roldiwines.com\/index.php?rest_route=%2Fwp%2Fv2%2Fmedia&parent=542"}],"wp:term":[{"taxonomy":"product_brand","embeddable":true,"href":"https:\/\/roldiwines.com\/index.php?rest_route=%2Fwp%2Fv2%2Fproduct_brand&post=542"},{"taxonomy":"product_cat","embeddable":true,"href":"https:\/\/roldiwines.com\/index.php?rest_route=%2Fwp%2Fv2%2Fproduct_cat&post=542"},{"taxonomy":"product_tag","embeddable":true,"href":"https:\/\/roldiwines.com\/index.php?rest_route=%2Fwp%2Fv2%2Fproduct_tag&post=542"}],"curies":[{"name":"wp","href":"https:\/\/api.w.org\/{rel}","templated":true}]}}